{"id":626,"date":"2024-03-14T10:00:58","date_gmt":"2024-03-14T09:00:58","guid":{"rendered":"https:\/\/johnsonmacula.com\/?page_id=626"},"modified":"2025-09-17T15:23:55","modified_gmt":"2025-09-17T13:23:55","slug":"narrative","status":"publish","type":"page","link":"https:\/\/johnsonmacula.com\/index.php\/narrative\/","title":{"rendered":"Narrative"},"content":{"rendered":"\t\t<div data-elementor-type=\"wp-page\" data-elementor-id=\"626\" class=\"elementor elementor-626\" data-elementor-post-type=\"page\">\n\t\t\t\t<div class=\"elementor-element elementor-element-daf3c9a e-flex e-con-boxed e-con e-parent\" data-id=\"daf3c9a\" data-element_type=\"container\">\n\t\t\t\t\t<div class=\"e-con-inner\">\n\t\t\t\t<div class=\"elementor-element elementor-element-f6e7109 elementor-absolute animated-slow elementor-invisible elementor-widget elementor-widget-heading\" data-id=\"f6e7109\" data-element_type=\"widget\" data-settings=\"{&quot;_position&quot;:&quot;absolute&quot;,&quot;_animation&quot;:&quot;fadeIn&quot;}\" data-widget_type=\"heading.default\">\n\t\t\t\t<div class=\"elementor-widget-container\">\n\t\t\t\t\t<h2 class=\"elementor-heading-title elementor-size-default\"><a href=\"https:\/\/johnsonmacula.com\/index.php\/about-me\/\">Sobre M\u00ed<\/a><\/h2>\t\t\t\t<\/div>\n\t\t\t\t<\/div>\n\t\t\t\t<div class=\"elementor-element elementor-element-8aa749f elementor-absolute animated-slow elementor-invisible elementor-widget elementor-widget-heading\" data-id=\"8aa749f\" data-element_type=\"widget\" data-settings=\"{&quot;_position&quot;:&quot;absolute&quot;,&quot;_animation&quot;:&quot;fadeIn&quot;}\" data-widget_type=\"heading.default\">\n\t\t\t\t<div class=\"elementor-widget-container\">\n\t\t\t\t\t<h2 class=\"elementor-heading-title elementor-size-default\"><a href=\"https:\/\/johnsonmacula.com\/index.php\/works\/\">Trabajos<\/a><\/h2>\t\t\t\t<\/div>\n\t\t\t\t<\/div>\n\t\t\t\t<div class=\"elementor-element elementor-element-1005f1b elementor-absolute animated-slow elementor-invisible elementor-widget elementor-widget-heading\" data-id=\"1005f1b\" data-element_type=\"widget\" data-settings=\"{&quot;_position&quot;:&quot;absolute&quot;,&quot;_animation&quot;:&quot;fadeIn&quot;}\" data-widget_type=\"heading.default\">\n\t\t\t\t<div class=\"elementor-widget-container\">\n\t\t\t\t\t<h2 class=\"elementor-heading-title elementor-size-default\"><a href=\"https:\/\/johnsonmacula.com\/index.php\/contact\/\">Contacto<\/a><\/h2>\t\t\t\t<\/div>\n\t\t\t\t<\/div>\n\t\t\t\t<div class=\"elementor-element elementor-element-2d7066b elementor-absolute elementor-widget elementor-widget-heading\" data-id=\"2d7066b\" data-element_type=\"widget\" data-settings=\"{&quot;_position&quot;:&quot;absolute&quot;}\" data-widget_type=\"heading.default\">\n\t\t\t\t<div class=\"elementor-widget-container\">\n\t\t\t\t\t<h2 class=\"elementor-heading-title elementor-size-default\"><a href=\"https:\/\/johnsonmacula.com\/\">Director de Fotograf\u00eda<\/a><\/h2>\t\t\t\t<\/div>\n\t\t\t\t<\/div>\n\t\t\t\t<div class=\"elementor-element elementor-element-284671d elementor-absolute elementor-widget elementor-widget-button\" data-id=\"284671d\" data-element_type=\"widget\" data-settings=\"{&quot;_position&quot;:&quot;absolute&quot;}\" data-widget_type=\"button.default\">\n\t\t\t\t<div class=\"elementor-widget-container\">\n\t\t\t\t\t\t\t\t\t<div class=\"elementor-button-wrapper\">\n\t\t\t\t\t<a class=\"elementor-button elementor-button-link elementor-size-sm\" href=\"https:\/\/johnsonmacula.com\/index.php\/menu-movil\/\">\n\t\t\t\t\t\t<span class=\"elementor-button-content-wrapper\">\n\t\t\t\t\t\t<span class=\"elementor-button-icon\">\n\t\t\t\t<svg aria-hidden=\"true\" class=\"e-font-icon-svg e-fas-bars\" viewBox=\"0 0 448 512\" xmlns=\"http:\/\/www.w3.org\/2000\/svg\"><path d=\"M16 132h416c8.837 0 16-7.163 16-16V76c0-8.837-7.163-16-16-16H16C7.163 60 0 67.163 0 76v40c0 8.837 7.163 16 16 16zm0 160h416c8.837 0 16-7.163 16-16v-40c0-8.837-7.163-16-16-16H16c-8.837 0-16 7.163-16 16v40c0 8.837 7.163 16 16 16zm0 160h416c8.837 0 16-7.163 16-16v-40c0-8.837-7.163-16-16-16H16c-8.837 0-16 7.163-16 16v40c0 8.837 7.163 16 16 16z\"><\/path><\/svg>\t\t\t<\/span>\n\t\t\t\t\t\t\t\t<\/span>\n\t\t\t\t\t<\/a>\n\t\t\t\t<\/div>\n\t\t\t\t\t\t\t\t<\/div>\n\t\t\t\t<\/div>\n\t\t\t\t<div class=\"elementor-element elementor-element-db9f517 elementor-absolute elementor-widget elementor-widget-heading\" data-id=\"db9f517\" data-element_type=\"widget\" data-settings=\"{&quot;_position&quot;:&quot;absolute&quot;}\" data-widget_type=\"heading.default\">\n\t\t\t\t<div class=\"elementor-widget-container\">\n\t\t\t\t\t<h2 class=\"elementor-heading-title elementor-size-default\"><a href=\"https:\/\/johnsonmacula.com\/\">Johnson Macula<\/a><\/h2>\t\t\t\t<\/div>\n\t\t\t\t<\/div>\n\t\t\t\t\t<\/div>\n\t\t\t\t<\/div>\n\t\t<div class=\"elementor-element elementor-element-aef5e93 e-flex e-con-boxed e-con e-parent\" data-id=\"aef5e93\" data-element_type=\"container\">\n\t\t\t\t\t<div class=\"e-con-inner\">\n\t\t<div class=\"elementor-element elementor-element-14c9513 e-con-full e-flex e-con e-child\" data-id=\"14c9513\" data-element_type=\"container\">\n\t\t\t\t<div class=\"elementor-element elementor-element-3ba7d94 elementor-widget elementor-widget-video\" data-id=\"3ba7d94\" data-element_type=\"widget\" data-settings=\"{&quot;video_type&quot;:&quot;vimeo&quot;,&quot;loop&quot;:&quot;yes&quot;}\" data-widget_type=\"video.default\">\n\t\t\t\t<div class=\"elementor-widget-container\">\n\t\t\t\t\t\t\t<div class=\"elementor-wrapper elementor-open-inline\">\n\t\t\t<iframe class=\"elementor-video-iframe\" allowfullscreen allow=\"clipboard-write\" title=\"vimeo Video Player\" src=\"https:\/\/player.vimeo.com\/video\/933824309?color&amp;autopause=0&amp;loop=1&amp;muted=0&amp;title=1&amp;portrait=1&amp;byline=1#t=\"><\/iframe>\t\t<\/div>\n\t\t\t\t\t\t<\/div>\n\t\t\t\t<\/div>\n\t\t\t\t<\/div>\n\t\t<div class=\"elementor-element elementor-element-7049b19 e-con-full e-flex e-con e-child\" data-id=\"7049b19\" data-element_type=\"container\">\n\t\t\t\t<div class=\"elementor-element elementor-element-83506c1 elementor-widget elementor-widget-text-editor\" data-id=\"83506c1\" data-element_type=\"widget\" data-widget_type=\"text-editor.default\">\n\t\t\t\t<div class=\"elementor-widget-container\">\n\t\t\t\t\t\t\t\t\t<h1>LOLA&#8217;S<\/h1><div>\u00a0<\/div><h3>Cortometraje<\/h3><p>Dirigido por: <b>Luc\u00eda Blanquer<\/b><\/p><p>Director de Fotograf\u00eda: <b>Johnson Macula<\/b><\/p><p>Producido por: <b>Mariana Yuste<\/b><\/p><p><span style=\"color: var( --e-global-color-text ); text-align: var(--text-align); font-size: 1rem;\">Logline:\u00a0<\/span><span style=\"font-size: 1rem;\">Cuando Lola, una modista jubilada, recibe la visita inesperada de Paco, un viejo amigo que busca hacer arreglos en su vestuario, su rutinaria vida en Madrid da un giro inesperado. A medida que la vivaz presencia de Paco se entrelaza con los recuerdos y anhelos de Lola, su encuentro se convierte en una danza de nostalgia, aceptaci\u00f3n y redescubrimiento, llev\u00e1ndolos finalmente a confrontar su pasado y a abrazar la belleza del momento presente.<\/span><\/p><p><span style=\"color: var( --e-global-color-text ); text-align: var(--text-align); font-size: 1rem;\">Estado: <strong>En Distribuci\u00f3n!<\/strong><\/span><\/p>\t\t\t\t\t\t\t\t<\/div>\n\t\t\t\t<\/div>\n\t\t\t\t<\/div>\n\t\t\t\t\t<\/div>\n\t\t\t\t<\/div>\n\t\t<div class=\"elementor-element elementor-element-0d61692 e-flex e-con-boxed e-con e-parent\" data-id=\"0d61692\" data-element_type=\"container\">\n\t\t\t\t\t<div class=\"e-con-inner\">\n\t\t<div class=\"elementor-element elementor-element-1d57c48 e-con-full e-flex e-con e-child\" data-id=\"1d57c48\" data-element_type=\"container\">\n\t\t\t\t<div class=\"elementor-element elementor-element-6177f4e elementor-widget elementor-widget-video\" data-id=\"6177f4e\" data-element_type=\"widget\" data-settings=\"{&quot;video_type&quot;:&quot;vimeo&quot;,&quot;loop&quot;:&quot;yes&quot;}\" data-widget_type=\"video.default\">\n\t\t\t\t<div class=\"elementor-widget-container\">\n\t\t\t\t\t\t\t<div class=\"elementor-wrapper elementor-open-inline\">\n\t\t\t<iframe class=\"elementor-video-iframe\" allowfullscreen allow=\"clipboard-write\" title=\"vimeo Video Player\" src=\"https:\/\/player.vimeo.com\/video\/1093142264?color&amp;autopause=0&amp;loop=1&amp;muted=0&amp;title=1&amp;portrait=1&amp;byline=1&amp;h=4dee7d94b8#t=\"><\/iframe>\t\t<\/div>\n\t\t\t\t\t\t<\/div>\n\t\t\t\t<\/div>\n\t\t\t\t<\/div>\n\t\t<div class=\"elementor-element elementor-element-974adfd e-con-full e-flex e-con e-child\" data-id=\"974adfd\" data-element_type=\"container\">\n\t\t\t\t<div class=\"elementor-element elementor-element-9dae48d elementor-widget elementor-widget-text-editor\" data-id=\"9dae48d\" data-element_type=\"widget\" data-widget_type=\"text-editor.default\">\n\t\t\t\t<div class=\"elementor-widget-container\">\n\t\t\t\t\t\t\t\t\t<h1>SIEMBRA<\/h1><div>\u00a0<\/div><h3>Teaser de Serie TV<\/h3><p>Dirigido por: <b>Mar\u00eda de los \u00c1ngeles Mercader Garc\u00eda<\/b><\/p><p>Director de Fotograf\u00eda: <b>Johnson Macula<\/b><\/p><p>Producido por: <b>Anuskka<\/b><\/p><p><span style=\"color: var( --e-global-color-text ); text-align: var(--text-align); font-size: 1rem;\">Estado: <strong>En Proceso de Financiaci\u00f3n!<\/strong><\/span><\/p>\t\t\t\t\t\t\t\t<\/div>\n\t\t\t\t<\/div>\n\t\t\t\t<\/div>\n\t\t\t\t\t<\/div>\n\t\t\t\t<\/div>\n\t\t<div class=\"elementor-element elementor-element-7823ac3 e-flex e-con-boxed e-con e-parent\" data-id=\"7823ac3\" data-element_type=\"container\">\n\t\t\t\t\t<div class=\"e-con-inner\">\n\t\t<div class=\"elementor-element elementor-element-173788a e-con-full e-flex e-con e-child\" data-id=\"173788a\" data-element_type=\"container\">\n\t\t\t\t<div class=\"elementor-element elementor-element-328f2ab elementor-widget elementor-widget-video\" data-id=\"328f2ab\" data-element_type=\"widget\" data-settings=\"{&quot;video_type&quot;:&quot;vimeo&quot;,&quot;loop&quot;:&quot;yes&quot;}\" data-widget_type=\"video.default\">\n\t\t\t\t<div class=\"elementor-widget-container\">\n\t\t\t\t\t\t\t<div class=\"elementor-wrapper elementor-open-inline\">\n\t\t\t<iframe class=\"elementor-video-iframe\" allowfullscreen allow=\"clipboard-write\" title=\"vimeo Video Player\" src=\"https:\/\/player.vimeo.com\/video\/1119435342?color&amp;autopause=0&amp;loop=1&amp;muted=0&amp;title=1&amp;portrait=1&amp;byline=1#t=\"><\/iframe>\t\t<\/div>\n\t\t\t\t\t\t<\/div>\n\t\t\t\t<\/div>\n\t\t\t\t<\/div>\n\t\t<div class=\"elementor-element elementor-element-b38e932 e-con-full e-flex e-con e-child\" data-id=\"b38e932\" data-element_type=\"container\">\n\t\t\t\t<div class=\"elementor-element elementor-element-63463fc elementor-widget elementor-widget-text-editor\" data-id=\"63463fc\" data-element_type=\"widget\" data-widget_type=\"text-editor.default\">\n\t\t\t\t<div class=\"elementor-widget-container\">\n\t\t\t\t\t\t\t\t\t<h1>SOMBRAS<\/h1><div>\u00a0<\/div><h3>Cortometraje<\/h3><p>Dirigido por: <b>David Pastor<\/b><\/p><p>Director de Fotograf\u00eda: <b>Johnson Macula<\/b><\/p><p>Producido por: <b>Maria Carretero<\/b><\/p><p><span style=\"color: var( --e-global-color-text ); text-align: var(--text-align); font-size: 1rem;\">Estado: <strong>En Proceso de Post-Produccion!<\/strong><\/span><\/p>\t\t\t\t\t\t\t\t<\/div>\n\t\t\t\t<\/div>\n\t\t\t\t<\/div>\n\t\t\t\t\t<\/div>\n\t\t\t\t<\/div>\n\t\t<div class=\"elementor-element elementor-element-29baf18 e-flex e-con-boxed e-con e-parent\" data-id=\"29baf18\" data-element_type=\"container\">\n\t\t\t\t\t<div class=\"e-con-inner\">\n\t\t\t\t\t<\/div>\n\t\t\t\t<\/div>\n\t\t<div class=\"elementor-element elementor-element-1af9ad2 e-flex e-con-boxed e-con e-parent\" data-id=\"1af9ad2\" data-element_type=\"container\">\n\t\t\t\t\t<div class=\"e-con-inner\">\n\t\t<div class=\"elementor-element elementor-element-2862222 e-con-full e-flex e-con e-child\" data-id=\"2862222\" data-element_type=\"container\">\n\t\t\t\t<div class=\"elementor-element elementor-element-61d7ab6 elementor-widget elementor-widget-video\" data-id=\"61d7ab6\" data-element_type=\"widget\" data-settings=\"{&quot;video_type&quot;:&quot;vimeo&quot;}\" data-widget_type=\"video.default\">\n\t\t\t\t<div class=\"elementor-widget-container\">\n\t\t\t\t\t\t\t<div class=\"elementor-wrapper elementor-open-inline\">\n\t\t\t<iframe class=\"elementor-video-iframe\" allowfullscreen allow=\"clipboard-write\" title=\"vimeo Video Player\" src=\"https:\/\/player.vimeo.com\/video\/933852067?color&amp;autopause=0&amp;loop=0&amp;muted=0&amp;title=1&amp;portrait=1&amp;byline=1#t=\"><\/iframe>\t\t<\/div>\n\t\t\t\t\t\t<\/div>\n\t\t\t\t<\/div>\n\t\t\t\t<\/div>\n\t\t<div class=\"elementor-element elementor-element-83905b6 e-con-full e-flex e-con e-child\" data-id=\"83905b6\" data-element_type=\"container\">\n\t\t\t\t<div class=\"elementor-element elementor-element-b23896e elementor-widget elementor-widget-text-editor\" data-id=\"b23896e\" data-element_type=\"widget\" data-widget_type=\"text-editor.default\">\n\t\t\t\t<div class=\"elementor-widget-container\">\n\t\t\t\t\t\t\t\t\t<h1>PAL\u00cdNDROMO<\/h1><h3>Cortometraje<\/h3><p style=\"font-size: 16px;\"><span style=\"font-weight: 400;\">Dirigido por: <\/span><b>A. Rubira<\/b><\/p><p style=\"font-size: 16px; font-weight: 400;\">Director de Fotograf\u00eda:\u00a0<span style=\"font-weight: bold;\">Johnson Macula<\/span><\/p><p style=\"font-size: 16px;\"><span style=\"font-weight: 400;\">Producido por: <\/span><b>Paco Miranda<\/b><\/p><p style=\"font-size: 16px; font-weight: 400;\"><span style=\"color: var( --e-global-color-text ); text-align: var(--text-align); font-size: 1rem;\">Logline:<\/span>\u00a0<span style=\"font-size: 1rem;\">Esther, una madre soltera, afronta los desaf\u00edos de desempacar recuerdos mientras cr\u00eda a su hija In\u00e9s. A medida que sus vidas se entrelazan con un misterioso desconocido, emprenden un viaje de amor y resiliencia, enfrentando las sombras del pasado y las incertidumbres del futuro.<\/span><\/p><p style=\"font-size: 16px; font-weight: 400;\"><span style=\"color: var( --e-global-color-text ); text-align: var(--text-align); font-size: 1rem;\">Estado:\u00a0<span style=\"font-weight: bold;\">En Distribuci\u00f3n!<\/span>\u00a0<\/span><\/p>\t\t\t\t\t\t\t\t<\/div>\n\t\t\t\t<\/div>\n\t\t\t\t<\/div>\n\t\t\t\t\t<\/div>\n\t\t\t\t<\/div>\n\t\t<div class=\"elementor-element elementor-element-2812aac e-flex e-con-boxed e-con e-parent\" data-id=\"2812aac\" data-element_type=\"container\">\n\t\t\t\t\t<div class=\"e-con-inner\">\n\t\t\t\t\t<\/div>\n\t\t\t\t<\/div>\n\t\t<div class=\"elementor-element elementor-element-87cc292 e-flex e-con-boxed e-con e-parent\" data-id=\"87cc292\" data-element_type=\"container\">\n\t\t\t\t\t<div class=\"e-con-inner\">\n\t\t<div class=\"elementor-element elementor-element-12d8fa8 e-con-full e-flex e-con e-child\" data-id=\"12d8fa8\" data-element_type=\"container\">\n\t\t\t\t<div class=\"elementor-element elementor-element-34528a6 elementor-widget elementor-widget-video\" data-id=\"34528a6\" data-element_type=\"widget\" data-settings=\"{&quot;video_type&quot;:&quot;vimeo&quot;}\" data-widget_type=\"video.default\">\n\t\t\t\t<div class=\"elementor-widget-container\">\n\t\t\t\t\t\t\t<div class=\"elementor-wrapper elementor-open-inline\">\n\t\t\t<iframe class=\"elementor-video-iframe\" allowfullscreen allow=\"clipboard-write\" title=\"vimeo Video Player\" src=\"https:\/\/player.vimeo.com\/video\/937604810?color&amp;autopause=0&amp;loop=0&amp;muted=0&amp;title=1&amp;portrait=1&amp;byline=1#t=\"><\/iframe>\t\t<\/div>\n\t\t\t\t\t\t<\/div>\n\t\t\t\t<\/div>\n\t\t\t\t<\/div>\n\t\t<div class=\"elementor-element elementor-element-0689b52 e-con-full e-flex e-con e-child\" data-id=\"0689b52\" data-element_type=\"container\">\n\t\t\t\t<div class=\"elementor-element elementor-element-146520c elementor-widget elementor-widget-text-editor\" data-id=\"146520c\" data-element_type=\"widget\" data-widget_type=\"text-editor.default\">\n\t\t\t\t<div class=\"elementor-widget-container\">\n\t\t\t\t\t\t\t\t\t<h1>Bubba<\/h1>\n<h3>Largometraje<\/h3>\n<p style=\"font-size: 16px; font-weight: 400;\">Dirigido por:&nbsp;<span style=\"font-weight: bold;\">Diego Lodeiros<\/span><\/p>\n<p style=\"font-size: 16px; font-weight: 400;\">Director de Fotograf\u00eda:&nbsp;<span style=\"font-weight: bold;\">Johnson Macula<\/span><\/p>\n<p style=\"font-size: 16px; font-weight: 400;\">Producido por:&nbsp;<span style=\"font-weight: bold;\">Diego Lodeiros<\/span><\/p>\n<p style=\"font-size: 16px; font-weight: 400;\"><span style=\"color: var( --e-global-color-text ); text-align: var(--text-align); font-size: 1rem;\">Logline:&nbsp;<\/span><span style=\"font-size: 1rem;\">Un guionista que mezcla la realidad con episodios de ficci\u00f3n representados a trav\u00e9s de la animaci\u00f3n enfrenta su primera crisis creativa, y un extra\u00f1o monstruo que solo \u00e9l puede ver lo ayudar\u00e1 a superarla.<\/span><\/p>\n<p style=\"font-size: 16px; font-weight: 400;\"><span style=\"color: var( --e-global-color-text ); text-align: var(--text-align); font-size: 1rem;\">Estado: En<span style=\"font-weight: bold;\">&nbsp;Post-Producci\u00f3n!<\/span>&nbsp;<\/span><\/p>\t\t\t\t\t\t\t\t<\/div>\n\t\t\t\t<\/div>\n\t\t\t\t<\/div>\n\t\t\t\t\t<\/div>\n\t\t\t\t<\/div>\n\t\t<div class=\"elementor-element elementor-element-237adb1 e-flex e-con-boxed e-con e-parent\" data-id=\"237adb1\" data-element_type=\"container\">\n\t\t\t\t\t<div class=\"e-con-inner\">\n\t\t<div class=\"elementor-element elementor-element-bc45d2b e-con-full e-flex e-con e-child\" data-id=\"bc45d2b\" data-element_type=\"container\">\n\t\t\t\t<div class=\"elementor-element elementor-element-e8d6a4e elementor-widget elementor-widget-video\" data-id=\"e8d6a4e\" data-element_type=\"widget\" data-settings=\"{&quot;video_type&quot;:&quot;vimeo&quot;}\" data-widget_type=\"video.default\">\n\t\t\t\t<div class=\"elementor-widget-container\">\n\t\t\t\t\t\t\t<div class=\"elementor-wrapper elementor-open-inline\">\n\t\t\t<iframe class=\"elementor-video-iframe\" allowfullscreen allow=\"clipboard-write\" title=\"vimeo Video Player\" src=\"https:\/\/player.vimeo.com\/video\/1092733601?color&amp;autopause=0&amp;loop=0&amp;muted=0&amp;title=1&amp;portrait=1&amp;byline=1#t=\"><\/iframe>\t\t<\/div>\n\t\t\t\t\t\t<\/div>\n\t\t\t\t<\/div>\n\t\t\t\t<\/div>\n\t\t<div class=\"elementor-element elementor-element-09f47eb e-con-full e-flex e-con e-child\" data-id=\"09f47eb\" data-element_type=\"container\">\n\t\t\t\t<div class=\"elementor-element elementor-element-9d6614f elementor-widget elementor-widget-text-editor\" data-id=\"9d6614f\" data-element_type=\"widget\" data-widget_type=\"text-editor.default\">\n\t\t\t\t<div class=\"elementor-widget-container\">\n\t\t\t\t\t\t\t\t\t<h1>Salvaci\u00f3n Masiva<\/h1>\n<h3>Cortometraje<\/h3>\n<p style=\"font-size: 16px; font-weight: 400;\">Dirigido por:&nbsp;<span style=\"font-weight: bold;\">David Villamil<\/span><\/p>\n<p style=\"font-size: 16px; font-weight: 400;\">Director de Fotograf\u00eda:&nbsp;<span style=\"font-weight: bold;\">Johnson Macula<\/span><\/p>\n<p style=\"font-size: 16px;\"><span style=\"font-weight: 400;\">Producido por: <\/span><b>Gamba Films<\/b><span style=\"color: var( --e-global-color-text ); font-size: 1rem; text-align: var(--text-align);\">&nbsp;<\/span><\/p>\n<p style=\"font-size: 16px; font-weight: 400;\"><span style=\"color: var( --e-global-color-text ); text-align: var(--text-align); font-size: 1rem;\">Estado: En<span style=\"font-weight: bold;\">&nbsp;Distribuci\u00f3n!<\/span>&nbsp;<\/span><\/p>\t\t\t\t\t\t\t\t<\/div>\n\t\t\t\t<\/div>\n\t\t\t\t<\/div>\n\t\t\t\t\t<\/div>\n\t\t\t\t<\/div>\n\t\t<div class=\"elementor-element elementor-element-7ffcc09 e-flex e-con-boxed e-con e-parent\" data-id=\"7ffcc09\" data-element_type=\"container\">\n\t\t\t\t\t<div class=\"e-con-inner\">\n\t\t\t\t\t<\/div>\n\t\t\t\t<\/div>\n\t\t\t\t<\/div>\n\t\t","protected":false},"excerpt":{"rendered":"<p>Sobre M\u00ed Trabajos Contacto Director de Fotograf\u00eda Johnson Macula https:\/\/vimeo.com\/933824309 LOLA&#8217;S \u00a0 Cortometraje Dirigido por: Luc\u00eda Blanquer Director de Fotograf\u00eda: Johnson Macula Producido por: Mariana Yuste Logline:\u00a0Cuando Lola, una modista jubilada, recibe la visita inesperada de Paco, un viejo amigo que busca hacer arreglos en su vestuario, su rutinaria vida en Madrid da un giro &hellip; <a href=\"https:\/\/johnsonmacula.com\/index.php\/narrative\/\" class=\"more-link\">Continue reading<span class=\"screen-reader-text\"> &#8220;Narrative&#8221;<\/span><\/a><\/p>\n","protected":false},"author":1,"featured_media":0,"parent":0,"menu_order":1,"comment_status":"closed","ping_status":"closed","template":"elementor_canvas","meta":{"_monsterinsights_skip_tracking":false,"_monsterinsights_sitenote_active":false,"_monsterinsights_sitenote_note":"","_monsterinsights_sitenote_category":0,"footnotes":""},"aioseo_notices":[],"_links":{"self":[{"href":"https:\/\/johnsonmacula.com\/index.php\/wp-json\/wp\/v2\/pages\/626"}],"collection":[{"href":"https:\/\/johnsonmacula.com\/index.php\/wp-json\/wp\/v2\/pages"}],"about":[{"href":"https:\/\/johnsonmacula.com\/index.php\/wp-json\/wp\/v2\/types\/page"}],"author":[{"embeddable":true,"href":"https:\/\/johnsonmacula.com\/index.php\/wp-json\/wp\/v2\/users\/1"}],"replies":[{"embeddable":true,"href":"https:\/\/johnsonmacula.com\/index.php\/wp-json\/wp\/v2\/comments?post=626"}],"version-history":[{"count":172,"href":"https:\/\/johnsonmacula.com\/index.php\/wp-json\/wp\/v2\/pages\/626\/revisions"}],"predecessor-version":[{"id":2043,"href":"https:\/\/johnsonmacula.com\/index.php\/wp-json\/wp\/v2\/pages\/626\/revisions\/2043"}],"wp:attachment":[{"href":"https:\/\/johnsonmacula.com\/index.php\/wp-json\/wp\/v2\/media?parent=626"}],"curies":[{"name":"wp","href":"https:\/\/api.w.org\/{rel}","templated":true}]}}