{"id":738,"date":"2024-03-14T12:54:21","date_gmt":"2024-03-14T11:54:21","guid":{"rendered":"https:\/\/johnsonmacula.com\/?page_id=738"},"modified":"2025-06-12T00:09:16","modified_gmt":"2025-06-11T22:09:16","slug":"about-me","status":"publish","type":"page","link":"https:\/\/johnsonmacula.com\/index.php\/about-me\/","title":{"rendered":"Sobre M\u00ed"},"content":{"rendered":"\t\t<div data-elementor-type=\"wp-page\" data-elementor-id=\"738\" class=\"elementor elementor-738\" data-elementor-post-type=\"page\">\n\t\t\t\t<div class=\"elementor-element elementor-element-daf3c9a e-flex e-con-boxed e-con e-parent\" data-id=\"daf3c9a\" data-element_type=\"container\">\n\t\t\t\t\t<div class=\"e-con-inner\">\n\t\t\t\t<div class=\"elementor-element elementor-element-f6e7109 elementor-absolute animated-slow elementor-invisible elementor-widget elementor-widget-heading\" data-id=\"f6e7109\" data-element_type=\"widget\" data-settings=\"{&quot;_position&quot;:&quot;absolute&quot;,&quot;_animation&quot;:&quot;fadeIn&quot;}\" data-widget_type=\"heading.default\">\n\t\t\t\t<div class=\"elementor-widget-container\">\n\t\t\t\t\t<h2 class=\"elementor-heading-title elementor-size-default\"><a href=\"https:\/\/johnsonmacula.com\/index.php\/about-me\/\">Sobre M\u00ed<\/a><\/h2>\t\t\t\t<\/div>\n\t\t\t\t<\/div>\n\t\t\t\t<div class=\"elementor-element elementor-element-8aa749f elementor-absolute animated-slow elementor-invisible elementor-widget elementor-widget-heading\" data-id=\"8aa749f\" data-element_type=\"widget\" data-settings=\"{&quot;_position&quot;:&quot;absolute&quot;,&quot;_animation&quot;:&quot;fadeIn&quot;}\" data-widget_type=\"heading.default\">\n\t\t\t\t<div class=\"elementor-widget-container\">\n\t\t\t\t\t<h2 class=\"elementor-heading-title elementor-size-default\"><a href=\"https:\/\/johnsonmacula.com\/index.php\/works\/\">Trabajos<\/a><\/h2>\t\t\t\t<\/div>\n\t\t\t\t<\/div>\n\t\t\t\t<div class=\"elementor-element elementor-element-1005f1b elementor-absolute animated-slow elementor-invisible elementor-widget elementor-widget-heading\" data-id=\"1005f1b\" data-element_type=\"widget\" data-settings=\"{&quot;_position&quot;:&quot;absolute&quot;,&quot;_animation&quot;:&quot;fadeIn&quot;}\" data-widget_type=\"heading.default\">\n\t\t\t\t<div class=\"elementor-widget-container\">\n\t\t\t\t\t<h2 class=\"elementor-heading-title elementor-size-default\"><a href=\"https:\/\/johnsonmacula.com\/index.php\/contact\/\">Contacto<\/a><\/h2>\t\t\t\t<\/div>\n\t\t\t\t<\/div>\n\t\t\t\t<div class=\"elementor-element elementor-element-2d7066b elementor-absolute elementor-widget elementor-widget-heading\" data-id=\"2d7066b\" data-element_type=\"widget\" data-settings=\"{&quot;_position&quot;:&quot;absolute&quot;}\" data-widget_type=\"heading.default\">\n\t\t\t\t<div class=\"elementor-widget-container\">\n\t\t\t\t\t<h2 class=\"elementor-heading-title elementor-size-default\"><a href=\"https:\/\/johnsonmacula.com\/\">Director de Fotograf\u00eda<\/a><\/h2>\t\t\t\t<\/div>\n\t\t\t\t<\/div>\n\t\t\t\t<div class=\"elementor-element elementor-element-db9f517 elementor-absolute elementor-widget elementor-widget-heading\" data-id=\"db9f517\" data-element_type=\"widget\" data-settings=\"{&quot;_position&quot;:&quot;absolute&quot;}\" data-widget_type=\"heading.default\">\n\t\t\t\t<div class=\"elementor-widget-container\">\n\t\t\t\t\t<h2 class=\"elementor-heading-title elementor-size-default\"><a href=\"https:\/\/johnsonmacula.com\/\">Johnson Macula<\/a><\/h2>\t\t\t\t<\/div>\n\t\t\t\t<\/div>\n\t\t\t\t<div class=\"elementor-element elementor-element-c781709 elementor-absolute elementor-widget elementor-widget-button\" data-id=\"c781709\" data-element_type=\"widget\" data-settings=\"{&quot;_position&quot;:&quot;absolute&quot;}\" data-widget_type=\"button.default\">\n\t\t\t\t<div class=\"elementor-widget-container\">\n\t\t\t\t\t\t\t\t\t<div class=\"elementor-button-wrapper\">\n\t\t\t\t\t<a class=\"elementor-button elementor-button-link elementor-size-sm\" href=\"https:\/\/johnsonmacula.com\/index.php\/menu-movil\/\">\n\t\t\t\t\t\t<span class=\"elementor-button-content-wrapper\">\n\t\t\t\t\t\t<span class=\"elementor-button-icon\">\n\t\t\t\t<svg aria-hidden=\"true\" class=\"e-font-icon-svg e-fas-bars\" viewBox=\"0 0 448 512\" xmlns=\"http:\/\/www.w3.org\/2000\/svg\"><path d=\"M16 132h416c8.837 0 16-7.163 16-16V76c0-8.837-7.163-16-16-16H16C7.163 60 0 67.163 0 76v40c0 8.837 7.163 16 16 16zm0 160h416c8.837 0 16-7.163 16-16v-40c0-8.837-7.163-16-16-16H16c-8.837 0-16 7.163-16 16v40c0 8.837 7.163 16 16 16zm0 160h416c8.837 0 16-7.163 16-16v-40c0-8.837-7.163-16-16-16H16c-8.837 0-16 7.163-16 16v40c0 8.837 7.163 16 16 16z\"><\/path><\/svg>\t\t\t<\/span>\n\t\t\t\t\t\t\t\t<\/span>\n\t\t\t\t\t<\/a>\n\t\t\t\t<\/div>\n\t\t\t\t\t\t\t\t<\/div>\n\t\t\t\t<\/div>\n\t\t\t\t\t<\/div>\n\t\t\t\t<\/div>\n\t\t<div class=\"elementor-element elementor-element-aef5e93 e-flex e-con-boxed e-con e-parent\" data-id=\"aef5e93\" data-element_type=\"container\">\n\t\t\t\t\t<div class=\"e-con-inner\">\n\t\t<div class=\"elementor-element elementor-element-14c9513 e-con-full e-flex e-con e-child\" data-id=\"14c9513\" data-element_type=\"container\">\n\t\t\t\t<div class=\"elementor-element elementor-element-cf8a667 elementor-widget elementor-widget-image\" data-id=\"cf8a667\" data-element_type=\"widget\" data-widget_type=\"image.default\">\n\t\t\t\t<div class=\"elementor-widget-container\">\n\t\t\t\t\t\t\t\t\t\t\t\t\t\t\t<img fetchpriority=\"high\" decoding=\"async\" width=\"1707\" height=\"2560\" src=\"https:\/\/johnsonmacula.com\/wp-content\/uploads\/2024\/03\/1-scaled.jpg\" class=\"attachment-full size-full wp-image-740\" alt=\"\" srcset=\"https:\/\/johnsonmacula.com\/wp-content\/uploads\/2024\/03\/1-scaled.jpg 1707w, https:\/\/johnsonmacula.com\/wp-content\/uploads\/2024\/03\/1-200x300.jpg 200w, https:\/\/johnsonmacula.com\/wp-content\/uploads\/2024\/03\/1-683x1024.jpg 683w, https:\/\/johnsonmacula.com\/wp-content\/uploads\/2024\/03\/1-768x1152.jpg 768w, https:\/\/johnsonmacula.com\/wp-content\/uploads\/2024\/03\/1-1024x1536.jpg 1024w, https:\/\/johnsonmacula.com\/wp-content\/uploads\/2024\/03\/1-1365x2048.jpg 1365w, https:\/\/johnsonmacula.com\/wp-content\/uploads\/2024\/03\/1-500x750.jpg 500w, https:\/\/johnsonmacula.com\/wp-content\/uploads\/2024\/03\/1-800x1200.jpg 800w, https:\/\/johnsonmacula.com\/wp-content\/uploads\/2024\/03\/1-1280x1920.jpg 1280w, https:\/\/johnsonmacula.com\/wp-content\/uploads\/2024\/03\/1-1920x2880.jpg 1920w, https:\/\/johnsonmacula.com\/wp-content\/uploads\/2024\/03\/1-1200x1800.jpg 1200w\" sizes=\"(max-width: 709px) 85vw, (max-width: 909px) 67vw, (max-width: 1362px) 62vw, 840px\" \/>\t\t\t\t\t\t\t\t\t\t\t\t\t\t\t<\/div>\n\t\t\t\t<\/div>\n\t\t\t\t<\/div>\n\t\t<div class=\"elementor-element elementor-element-7049b19 e-con-full e-flex e-con e-child\" data-id=\"7049b19\" data-element_type=\"container\">\n\t\t\t\t<div class=\"elementor-element elementor-element-83506c1 elementor-absolute elementor-widget elementor-widget-text-editor\" data-id=\"83506c1\" data-element_type=\"widget\" data-settings=\"{&quot;_position&quot;:&quot;absolute&quot;}\" data-widget_type=\"text-editor.default\">\n\t\t\t\t<div class=\"elementor-widget-container\">\n\t\t\t\t\t\t\t\t\t<h1><span style=\"color: var( --e-global-color-text ); text-align: var(--text-align);\">Sobre M\u00ed:\u00a0 \u00a0 \u00a0 \u00a0 \u00a0 \u00a0 \u00a0 \u00a0 \u00a0 \u00a0 \u00a0 \u00a0 \u00a0 \u00a0 \u00a0 \u00a0 \u00a0 \u00a0 \u00a0 \u00a0 \u00a0 \u00a0 \u00a0 \u00a0\u00a0<\/span><\/h1><p><span style=\"color: var( --e-global-color-text ); text-align: var(--text-align); font-size: 1rem;\">Mis 3 pilares fundamentales:<\/span><\/p><p><strong><span style=\"color: var( --e-global-color-text ); text-align: var(--text-align); font-size: 1rem;\">PREPRODUCCI\u00d3N Y PREPARACI\u00d3N: La clave de un buen proyecto es la preproducci\u00f3n, toda la preparaci\u00f3n y el trabajo que se puede hacer antes de enfrentarse a un rodaje es proactivo a crear mejores resultados. Me gusta controlar todo lo que pueda para dejar energ\u00eda y tiempo a los imprevistos y a la creatividad en rodaje.<\/span><\/strong><\/p><p><strong><span style=\"color: var( --e-global-color-text ); text-align: var(--text-align); font-size: 1rem;\">FLEXIBILIDAD Y ADAPTIBILIDAD: Buscas un director de foto que haga su trabajo en el tiempo que le das? LO HAS ENCONTRADO. Resiliente. Me adapto r\u00e1pido y de la mejor forma posible a las condiciones, internas y externas.<\/span><\/strong><\/p><p><strong>DEDICACI\u00d3N Y PASI\u00d3N:<\/strong> Tengo la suerte de haber encontrado la pasi\u00f3n de mi vida, no tengo ninguna duda. Doy lo mejor de mi en cada proyecto, cada d\u00eda, casi ni cuesta, es autom\u00e1tico. Si puedo prometer algo es que voy a hacer todo lo que est\u00e9 en mi mano para darle la fotograf\u00eda adecuada a la historia que tengo delante.<\/p><p><strong>ACTITUD EXCEPCIONAL:<\/strong> Te has encontrado a alg\u00fan que otro director de fotograf\u00eda con un ego impresionante \u00bfverdad?\u00a0 \u00a0Que sea la \u00faltima vez, tengo muy claras mis prioridades y la prioridad n\u00famero uno es expresar y narrar la historia lo mejor posible dentro de los medios en los que nos encontramos. Y disfrutar, no permito que nadie me niegue la satisfacci\u00f3n de disfrutar de mi pasi\u00f3n.<\/p>\t\t\t\t\t\t\t\t<\/div>\n\t\t\t\t<\/div>\n\t\t\t\t<div class=\"elementor-element elementor-element-10f4288 elementor-absolute elementor-widget elementor-widget-button\" data-id=\"10f4288\" data-element_type=\"widget\" data-settings=\"{&quot;_position&quot;:&quot;absolute&quot;}\" data-widget_type=\"button.default\">\n\t\t\t\t<div class=\"elementor-widget-container\">\n\t\t\t\t\t\t\t\t\t<div class=\"elementor-button-wrapper\">\n\t\t\t\t\t<a class=\"elementor-button elementor-button-link elementor-size-sm\" href=\"https:\/\/johnsonmacula.com\/index.php\/contact\/\">\n\t\t\t\t\t\t<span class=\"elementor-button-content-wrapper\">\n\t\t\t\t\t\t\t\t\t<span class=\"elementor-button-text\">Aqu\u00ed<\/span>\n\t\t\t\t\t<\/span>\n\t\t\t\t\t<\/a>\n\t\t\t\t<\/div>\n\t\t\t\t\t\t\t\t<\/div>\n\t\t\t\t<\/div>\n\t\t\t\t<\/div>\n\t\t\t\t\t<\/div>\n\t\t\t\t<\/div>\n\t\t<div class=\"elementor-element elementor-element-8f0e4e6 e-flex e-con-boxed e-con e-parent\" data-id=\"8f0e4e6\" data-element_type=\"container\">\n\t\t\t\t\t<div class=\"e-con-inner\">\n\t\t\t\t<div class=\"elementor-element elementor-element-b94d76f elementor-absolute elementor-widget elementor-widget-heading\" data-id=\"b94d76f\" data-element_type=\"widget\" data-settings=\"{&quot;_position&quot;:&quot;absolute&quot;}\" data-widget_type=\"heading.default\">\n\t\t\t\t<div class=\"elementor-widget-container\">\n\t\t\t\t\t<h2 class=\"elementor-heading-title elementor-size-default\">Translate to:<\/h2>\t\t\t\t<\/div>\n\t\t\t\t<\/div>\n\t\t\t\t\t<\/div>\n\t\t\t\t<\/div>\n\t\t\t\t<\/div>\n\t\t","protected":false},"excerpt":{"rendered":"<p>Sobre M\u00ed Trabajos Contacto Director de Fotograf\u00eda Johnson Macula Sobre M\u00ed:\u00a0 \u00a0 \u00a0 \u00a0 \u00a0 \u00a0 \u00a0 \u00a0 \u00a0 \u00a0 \u00a0 \u00a0 \u00a0 \u00a0 \u00a0 \u00a0 \u00a0 \u00a0 \u00a0 \u00a0 \u00a0 \u00a0 \u00a0 \u00a0\u00a0 Mis 3 pilares fundamentales: PREPRODUCCI\u00d3N Y PREPARACI\u00d3N: La clave de un buen proyecto es la preproducci\u00f3n, toda la preparaci\u00f3n y el &hellip; <a href=\"https:\/\/johnsonmacula.com\/index.php\/about-me\/\" class=\"more-link\">Continue reading<span class=\"screen-reader-text\"> &#8220;Sobre M\u00ed&#8221;<\/span><\/a><\/p>\n","protected":false},"author":1,"featured_media":0,"parent":0,"menu_order":1,"comment_status":"closed","ping_status":"closed","template":"elementor_canvas","meta":{"_monsterinsights_skip_tracking":false,"_monsterinsights_sitenote_active":false,"_monsterinsights_sitenote_note":"","_monsterinsights_sitenote_category":0,"footnotes":""},"aioseo_notices":[],"_links":{"self":[{"href":"https:\/\/johnsonmacula.com\/index.php\/wp-json\/wp\/v2\/pages\/738"}],"collection":[{"href":"https:\/\/johnsonmacula.com\/index.php\/wp-json\/wp\/v2\/pages"}],"about":[{"href":"https:\/\/johnsonmacula.com\/index.php\/wp-json\/wp\/v2\/types\/page"}],"author":[{"embeddable":true,"href":"https:\/\/johnsonmacula.com\/index.php\/wp-json\/wp\/v2\/users\/1"}],"replies":[{"embeddable":true,"href":"https:\/\/johnsonmacula.com\/index.php\/wp-json\/wp\/v2\/comments?post=738"}],"version-history":[{"count":395,"href":"https:\/\/johnsonmacula.com\/index.php\/wp-json\/wp\/v2\/pages\/738\/revisions"}],"predecessor-version":[{"id":1986,"href":"https:\/\/johnsonmacula.com\/index.php\/wp-json\/wp\/v2\/pages\/738\/revisions\/1986"}],"wp:attachment":[{"href":"https:\/\/johnsonmacula.com\/index.php\/wp-json\/wp\/v2\/media?parent=738"}],"curies":[{"name":"wp","href":"https:\/\/api.w.org\/{rel}","templated":true}]}}